{"id":249,"date":"2022-01-13T17:06:32","date_gmt":"2022-01-13T17:06:32","guid":{"rendered":"https:\/\/demo.creativethemes.com\/blocksy\/floreo\/?post_type=product&#038;p=249"},"modified":"2024-10-14T20:27:41","modified_gmt":"2024-10-14T18:27:41","slug":"fringilla-urna","status":"publish","type":"product","link":"http:\/\/juhas-bis.pl\/index.php\/produkt\/fringilla-urna\/","title":{"rendered":"Beczu\u0142ka S\u0105decka &#8211; Naturalna"},"content":{"rendered":"","protected":false},"excerpt":{"rendered":"<p>200 g &#8211; ser t\u0142usty, niedojrzewaj\u0105cy, niew\u0119dzony. Bardzo spr\u0119\u017cysty i<br \/>\ndelikatny z lekko s\u0142onawym posmakiem.<\/p>\n<p>&nbsp;<\/p>\n<p>Ser t\u0142usty, podpuszczkowy, niedojrzewaj\u0105cy, parzony<br \/>\nPakowany pr\u00f3\u017cniowo<br \/>\nData minimalnej trwa\u0142o\u015bci- 60 dni.<br \/>\nPrzechowywa\u0107 w temperaturze od +2C do +10C<br \/>\nSk\u0142adniki: mleko krowie pasteryzowane, s\u00f3l, kultury bakterii mlekowych, podpuszczka<\/p>\n<p><strong>Warto\u015b\u0107 Od\u017cywcza w 100 g.:<\/strong><br \/>\nWarto\u015b\u0107 energetyczna 1566KJ\/377 kcal<br \/>\nT\u0142uszcz &#8211; 22 g.<br \/>\nW tym kwasy t\u0142uszczowe nasycone &#8211; 17 g.<br \/>\nW\u0119glowodany &#8211; 1 g.<br \/>\nW tym cukry &#8211; 1 g.<br \/>\nBia\u0142ko &#8211; 28 g.<br \/>\nS\u00f3l &#8211; 3,3 g.<\/p>\n","protected":false},"featured_media":879,"comment_status":"open","ping_status":"closed","template":"","meta":{"qubely_global_settings":"","qubely_interactions":"","_uag_custom_page_level_css":""},"product_brand":[],"product_cat":[38],"product_tag":[],"class_list":{"0":"post-249","1":"product","2":"type-product","3":"status-publish","4":"has-post-thumbnail","6":"product_cat-serki","8":"first","9":"instock","10":"shipping-taxable","11":"product-type-simple"},"featured_image_urls_v2":{"full":["http:\/\/juhas-bis.pl\/wp-content\/uploads\/2022\/03\/d-22.jpg",2048,1365,false],"thumbnail":["http:\/\/juhas-bis.pl\/wp-content\/uploads\/2022\/03\/d-22.jpg",150,100,false],"medium":["http:\/\/juhas-bis.pl\/wp-content\/uploads\/2022\/03\/d-22.jpg",300,200,false],"medium_large":["http:\/\/juhas-bis.pl\/wp-content\/uploads\/2022\/03\/d-22.jpg",768,512,false],"large":["http:\/\/juhas-bis.pl\/wp-content\/uploads\/2022\/03\/d-22.jpg",1024,683,false],"1536x1536":["http:\/\/juhas-bis.pl\/wp-content\/uploads\/2022\/03\/d-22.jpg",1536,1024,false],"2048x2048":["http:\/\/juhas-bis.pl\/wp-content\/uploads\/2022\/03\/d-22.jpg",2048,1365,false],"qubely_landscape":["http:\/\/juhas-bis.pl\/wp-content\/uploads\/2022\/03\/d-22.jpg",1125,750,false],"qubely_portrait":["http:\/\/juhas-bis.pl\/wp-content\/uploads\/2022\/03\/d-22.jpg",480,320,false],"qubely_thumbnail":["http:\/\/juhas-bis.pl\/wp-content\/uploads\/2022\/03\/d-22.jpg",140,93,false],"woocommerce_archive_thumbnail":["http:\/\/juhas-bis.pl\/wp-content\/uploads\/2022\/03\/d-22-300x400.jpg",300,400,true],"woocommerce_thumbnail":["http:\/\/juhas-bis.pl\/wp-content\/uploads\/2022\/03\/d-22-300x400.jpg",300,400,true],"woocommerce_single":["http:\/\/juhas-bis.pl\/wp-content\/uploads\/2022\/03\/d-22.jpg",600,400,false],"woocommerce_gallery_thumbnail":["http:\/\/juhas-bis.pl\/wp-content\/uploads\/2022\/03\/d-22-100x100.jpg",100,100,true]},"post_excerpt_stackable_v2":"<p>200 g &#8211; ser t\u0142usty, niedojrzewaj\u0105cy, niew\u0119dzony. Bardzo spr\u0119\u017cysty i<br \/>\ndelikatny z lekko s\u0142onawym posmakiem.<\/p>\n<p>&nbsp;<\/p>\n<p>Ser t\u0142usty, podpuszczkowy, niedojrzewaj\u0105cy, parzony<br \/>\nPakowany pr\u00f3\u017cniowo<br \/>\nData minimalnej trwa\u0142o\u015bci- 60 dni.<br \/>\nPrzechowywa\u0107 w temperaturze od +2C do +10C<br \/>\nSk\u0142adniki: mleko krowie pasteryzowane, s\u00f3l, kultury bakterii mlekowych, podpuszczka<\/p>\n<p><strong>Warto\u015b\u0107 Od\u017cywcza w 100 g.:<\/strong><br \/>\nWarto\u015b\u0107 energetyczna 1566KJ\/377 kcal<br \/>\nT\u0142uszcz &#8211; 22 g.<br \/>\nW tym kwasy t\u0142uszczowe nasycone &#8211; 17 g.<br \/>\nW\u0119glowodany &#8211; 1 g.<br \/>\nW tym cukry &#8211; 1 g.<br \/>\nBia\u0142ko &#8211; 28 g.<br \/>\nS\u00f3l &#8211; 3,3 g.<\/p>\n","category_list_v2":"","author_info_v2":{"name":"","url":""},"comments_num_v2":"0 comments","uagb_featured_image_src":{"full":["http:\/\/juhas-bis.pl\/wp-content\/uploads\/2022\/03\/d-22.jpg",2048,1365,false],"thumbnail":["http:\/\/juhas-bis.pl\/wp-content\/uploads\/2022\/03\/d-22.jpg",150,100,false],"medium":["http:\/\/juhas-bis.pl\/wp-content\/uploads\/2022\/03\/d-22.jpg",300,200,false],"medium_large":["http:\/\/juhas-bis.pl\/wp-content\/uploads\/2022\/03\/d-22.jpg",768,512,false],"large":["http:\/\/juhas-bis.pl\/wp-content\/uploads\/2022\/03\/d-22.jpg",1024,683,false],"1536x1536":["http:\/\/juhas-bis.pl\/wp-content\/uploads\/2022\/03\/d-22.jpg",1536,1024,false],"2048x2048":["http:\/\/juhas-bis.pl\/wp-content\/uploads\/2022\/03\/d-22.jpg",2048,1365,false],"qubely_landscape":["http:\/\/juhas-bis.pl\/wp-content\/uploads\/2022\/03\/d-22.jpg",1125,750,false],"qubely_portrait":["http:\/\/juhas-bis.pl\/wp-content\/uploads\/2022\/03\/d-22.jpg",480,320,false],"qubely_thumbnail":["http:\/\/juhas-bis.pl\/wp-content\/uploads\/2022\/03\/d-22.jpg",140,93,false],"woocommerce_archive_thumbnail":["http:\/\/juhas-bis.pl\/wp-content\/uploads\/2022\/03\/d-22-300x400.jpg",300,400,true],"woocommerce_thumbnail":["http:\/\/juhas-bis.pl\/wp-content\/uploads\/2022\/03\/d-22-300x400.jpg",300,400,true],"woocommerce_single":["http:\/\/juhas-bis.pl\/wp-content\/uploads\/2022\/03\/d-22.jpg",600,400,false],"woocommerce_gallery_thumbnail":["http:\/\/juhas-bis.pl\/wp-content\/uploads\/2022\/03\/d-22-100x100.jpg",100,100,true]},"uagb_author_info":{"display_name":"juhasbis1","author_link":"http:\/\/juhas-bis.pl\/index.php\/author\/"},"uagb_comment_info":3,"uagb_excerpt":"200 g - ser t\u0142usty, niedojrzewaj\u0105cy, niew\u0119dzony. Bardzo spr\u0119\u017cysty i delikatny z lekko s\u0142onawym posmakiem. &nbsp; Ser t\u0142usty, podpuszczkowy, niedojrzewaj\u0105cy, parzony Pakowany pr\u00f3\u017cniowo Data minimalnej trwa\u0142o\u015bci- 60 dni. Przechowywa\u0107 w temperaturze od +2C do +10C Sk\u0142adniki: mleko krowie pasteryzowane, s\u00f3l, kultury bakterii mlekowych, podpuszczka Warto\u015b\u0107 Od\u017cywcza w 100 g.: Warto\u015b\u0107 energetyczna 1566KJ\/377 kcal T\u0142uszcz -&hellip;","_links":{"self":[{"href":"http:\/\/juhas-bis.pl\/index.php\/wp-json\/wp\/v2\/product\/249","targetHints":{"allow":["GET"]}}],"collection":[{"href":"http:\/\/juhas-bis.pl\/index.php\/wp-json\/wp\/v2\/product"}],"about":[{"href":"http:\/\/juhas-bis.pl\/index.php\/wp-json\/wp\/v2\/types\/product"}],"replies":[{"embeddable":true,"href":"http:\/\/juhas-bis.pl\/index.php\/wp-json\/wp\/v2\/comments?post=249"}],"wp:featuredmedia":[{"embeddable":true,"href":"http:\/\/juhas-bis.pl\/index.php\/wp-json\/wp\/v2\/media\/879"}],"wp:attachment":[{"href":"http:\/\/juhas-bis.pl\/index.php\/wp-json\/wp\/v2\/media?parent=249"}],"wp:term":[{"taxonomy":"product_brand","embeddable":true,"href":"http:\/\/juhas-bis.pl\/index.php\/wp-json\/wp\/v2\/product_brand?post=249"},{"taxonomy":"product_cat","embeddable":true,"href":"http:\/\/juhas-bis.pl\/index.php\/wp-json\/wp\/v2\/product_cat?post=249"},{"taxonomy":"product_tag","embeddable":true,"href":"http:\/\/juhas-bis.pl\/index.php\/wp-json\/wp\/v2\/product_tag?post=249"}],"curies":[{"name":"wp","href":"https:\/\/api.w.org\/{rel}","templated":true}]}}